{"id":27,"date":"2020-02-28T15:07:42","date_gmt":"2020-02-28T20:07:42","guid":{"rendered":"https:\/\/www.movement.org\/?page_id=27"},"modified":"2022-04-19T13:17:20","modified_gmt":"2022-04-19T17:17:20","slug":"careers","status":"publish","type":"page","link":"https:\/\/www.movement.org\/es\/careers\/","title":{"rendered":"CARRERAS"},"content":{"rendered":"<h2>\n\t\tGracias por su inter\u00e9s en trabajar con el equipo de MOVEMENT.ORG.\n\t<\/h2>\n<h2>\n\t\tNuestras aperturas actuales est\u00e1n a continuaci\u00f3n. Esperamos poder revisar su curr\u00edculum.\n\t<\/h2>\n<h3>\n\t\tPosiciones Disponibles\n\t<\/h3>\n\tSorry, there are no positions available at this time.\nThank you for your interest in joining <a href=\"http:\/\/MOVEMENT.ORG\" target=\"_blank\" rel=\"noopener noreferrer\">MOVEMENT.ORG<\/a> in catalyzing leaders to socially and spiritually impact their cities.","protected":false},"excerpt":{"rendered":"Thank you for your interest in working with the MOVEMENT.ORG team.\n\t\n\n\t\tOur current openings are below. We look forward to reviewing your resume.\n\t\n\n\t\tAvailable Positions\n\t\n\tSorry, there are no positions available at this time.\nThank you for your interest in joining MOVEMENT.ORG in ...","protected":false},"author":4,"featured_media":0,"parent":0,"menu_order":0,"comment_status":"closed","ping_status":"closed","template":"","meta":{"give_campaign_id":0,"footnotes":""},"class_list":["post-27","page","type-page","status-publish","hentry"],"yoast_head":"<!-- This site is optimized with the Yoast SEO plugin v27.5 - https:\/\/yoast.com\/product\/yoast-seo-wordpress\/ -->\n<title>Careers - MOVEMENT.ORG<\/title>\n<meta name=\"description\" content=\"Thank you for your interest in working with the MOVEMENT.ORG team. Our current openings are below. We look forward to receiving your resume.\" \/>\n<meta name=\"robots\" content=\"index, follow, max-snippet:-1, max-image-preview:large, max-video-preview:-1\" \/>\n<link rel=\"canonical\" href=\"https:\/\/www.movement.org\/es\/careers\/\" \/>\n<meta property=\"og:locale\" content=\"es_MX\" \/>\n<meta property=\"og:type\" content=\"article\" \/>\n<meta property=\"og:title\" content=\"Careers - MOVEMENT.ORG\" \/>\n<meta property=\"og:description\" content=\"Thank you for your interest in working with the MOVEMENT.ORG team. Our current openings are below. We look forward to receiving your resume.\" \/>\n<meta property=\"og:url\" content=\"https:\/\/www.movement.org\/es\/careers\/\" \/>\n<meta property=\"og:site_name\" content=\"MOVEMENT.ORG\" \/>\n<meta property=\"article:modified_time\" content=\"2022-04-19T17:17:20+00:00\" \/>\n<meta name=\"twitter:card\" content=\"summary_large_image\" \/>\n<script type=\"application\/ld+json\" class=\"yoast-schema-graph\">{\"@context\":\"https:\\\/\\\/schema.org\",\"@graph\":[{\"@type\":\"WebPage\",\"@id\":\"https:\\\/\\\/www.movement.org\\\/careers\\\/\",\"url\":\"https:\\\/\\\/www.movement.org\\\/careers\\\/\",\"name\":\"Careers - MOVEMENT.ORG\",\"isPartOf\":{\"@id\":\"https:\\\/\\\/www.movement.org\\\/#website\"},\"datePublished\":\"2020-02-28T20:07:42+00:00\",\"dateModified\":\"2022-04-19T17:17:20+00:00\",\"description\":\"Thank you for your interest in working with the MOVEMENT.ORG team. Our current openings are below. We look forward to receiving your resume.\",\"breadcrumb\":{\"@id\":\"https:\\\/\\\/www.movement.org\\\/careers\\\/#breadcrumb\"},\"inLanguage\":\"es\",\"potentialAction\":[{\"@type\":\"ReadAction\",\"target\":[\"https:\\\/\\\/www.movement.org\\\/careers\\\/\"]}]},{\"@type\":\"BreadcrumbList\",\"@id\":\"https:\\\/\\\/www.movement.org\\\/careers\\\/#breadcrumb\",\"itemListElement\":[{\"@type\":\"ListItem\",\"position\":1,\"name\":\"Home\",\"item\":\"https:\\\/\\\/www.movement.org\\\/\"},{\"@type\":\"ListItem\",\"position\":2,\"name\":\"Careers\"}]},{\"@type\":\"WebSite\",\"@id\":\"https:\\\/\\\/www.movement.org\\\/#website\",\"url\":\"https:\\\/\\\/www.movement.org\\\/\",\"name\":\"MOVEMENT.ORG\",\"description\":\"Engaging leaders to positively impact their cities around the world\",\"publisher\":{\"@id\":\"https:\\\/\\\/www.movement.org\\\/#organization\"},\"potentialAction\":[{\"@type\":\"SearchAction\",\"target\":{\"@type\":\"EntryPoint\",\"urlTemplate\":\"https:\\\/\\\/www.movement.org\\\/?s={search_term_string}\"},\"query-input\":{\"@type\":\"PropertyValueSpecification\",\"valueRequired\":true,\"valueName\":\"search_term_string\"}}],\"inLanguage\":\"es\"},{\"@type\":\"Organization\",\"@id\":\"https:\\\/\\\/www.movement.org\\\/#organization\",\"name\":\"Movement.Org\",\"url\":\"https:\\\/\\\/www.movement.org\\\/\",\"logo\":{\"@type\":\"ImageObject\",\"inLanguage\":\"es\",\"@id\":\"https:\\\/\\\/www.movement.org\\\/#\\\/schema\\\/logo\\\/image\\\/\",\"url\":\"https:\\\/\\\/www.movement.org\\\/wp-content\\\/uploads\\\/2020\\\/02\\\/MovementOrg-Logo-Dark.png\",\"contentUrl\":\"https:\\\/\\\/www.movement.org\\\/wp-content\\\/uploads\\\/2020\\\/02\\\/MovementOrg-Logo-Dark.png\",\"width\":644,\"height\":118,\"caption\":\"Movement.Org\"},\"image\":{\"@id\":\"https:\\\/\\\/www.movement.org\\\/#\\\/schema\\\/logo\\\/image\\\/\"}}]}<\/script>\n<!-- \/ Yoast SEO plugin. -->","yoast_head_json":{"title":"Careers - MOVEMENT.ORG","description":"Thank you for your interest in working with the MOVEMENT.ORG team. Our current openings are below. We look forward to receiving your resume.","robots":{"index":"index","follow":"follow","max-snippet":"max-snippet:-1","max-image-preview":"max-image-preview:large","max-video-preview":"max-video-preview:-1"},"canonical":"https:\/\/www.movement.org\/es\/careers\/","og_locale":"es_MX","og_type":"article","og_title":"Careers - MOVEMENT.ORG","og_description":"Thank you for your interest in working with the MOVEMENT.ORG team. Our current openings are below. We look forward to receiving your resume.","og_url":"https:\/\/www.movement.org\/es\/careers\/","og_site_name":"MOVEMENT.ORG","article_modified_time":"2022-04-19T17:17:20+00:00","twitter_card":"summary_large_image","schema":{"@context":"https:\/\/schema.org","@graph":[{"@type":"WebPage","@id":"https:\/\/www.movement.org\/careers\/","url":"https:\/\/www.movement.org\/careers\/","name":"Careers - MOVEMENT.ORG","isPartOf":{"@id":"https:\/\/www.movement.org\/#website"},"datePublished":"2020-02-28T20:07:42+00:00","dateModified":"2022-04-19T17:17:20+00:00","description":"Thank you for your interest in working with the MOVEMENT.ORG team. Our current openings are below. We look forward to receiving your resume.","breadcrumb":{"@id":"https:\/\/www.movement.org\/careers\/#breadcrumb"},"inLanguage":"es","potentialAction":[{"@type":"ReadAction","target":["https:\/\/www.movement.org\/careers\/"]}]},{"@type":"BreadcrumbList","@id":"https:\/\/www.movement.org\/careers\/#breadcrumb","itemListElement":[{"@type":"ListItem","position":1,"name":"Home","item":"https:\/\/www.movement.org\/"},{"@type":"ListItem","position":2,"name":"Careers"}]},{"@type":"WebSite","@id":"https:\/\/www.movement.org\/#website","url":"https:\/\/www.movement.org\/","name":"MOVEMENT.ORG","description":"INVOLUCRAR A LOS L\u00cdDERES PARA QUE IMPACTEN POSITIVAMENTE SUS CIUDADES EN TODO EL MUNDO","publisher":{"@id":"https:\/\/www.movement.org\/#organization"},"potentialAction":[{"@type":"SearchAction","target":{"@type":"EntryPoint","urlTemplate":"https:\/\/www.movement.org\/?s={search_term_string}"},"query-input":{"@type":"PropertyValueSpecification","valueRequired":true,"valueName":"search_term_string"}}],"inLanguage":"es"},{"@type":"Organization","@id":"https:\/\/www.movement.org\/#organization","name":"Movement.Org","url":"https:\/\/www.movement.org\/","logo":{"@type":"ImageObject","inLanguage":"es","@id":"https:\/\/www.movement.org\/#\/schema\/logo\/image\/","url":"https:\/\/www.movement.org\/wp-content\/uploads\/2020\/02\/MovementOrg-Logo-Dark.png","contentUrl":"https:\/\/www.movement.org\/wp-content\/uploads\/2020\/02\/MovementOrg-Logo-Dark.png","width":644,"height":118,"caption":"Movement.Org"},"image":{"@id":"https:\/\/www.movement.org\/#\/schema\/logo\/image\/"}}]}},"campaignId":"","_links":{"self":[{"href":"https:\/\/www.movement.org\/es\/wp-json\/wp\/v2\/pages\/27","targetHints":{"allow":["GET"]}}],"collection":[{"href":"https:\/\/www.movement.org\/es\/wp-json\/wp\/v2\/pages"}],"about":[{"href":"https:\/\/www.movement.org\/es\/wp-json\/wp\/v2\/types\/page"}],"author":[{"embeddable":true,"href":"https:\/\/www.movement.org\/es\/wp-json\/wp\/v2\/users\/4"}],"replies":[{"embeddable":true,"href":"https:\/\/www.movement.org\/es\/wp-json\/wp\/v2\/comments?post=27"}],"version-history":[{"count":0,"href":"https:\/\/www.movement.org\/es\/wp-json\/wp\/v2\/pages\/27\/revisions"}],"wp:attachment":[{"href":"https:\/\/www.movement.org\/es\/wp-json\/wp\/v2\/media?parent=27"}],"curies":[{"name":"wp","href":"https:\/\/api.w.org\/{rel}","templated":true}]}}