{"id":31,"date":"2020-04-28T15:08:12","date_gmt":"2020-04-28T21:08:12","guid":{"rendered":"https:\/\/www.movement.org\/?page_id=31"},"modified":"2026-02-01T05:53:41","modified_gmt":"2026-02-01T10:53:41","slug":"give","status":"publish","type":"page","link":"https:\/\/www.movement.org\/es\/give\/","title":{"rendered":"Give"},"content":{"rendered":"<h3>\n\t\t\tHow to Give\t<\/h3>\n<figure itemscope itemtype=\"https:\/\/schema.org\/ImageObject\">\n\t\t\t\t<img decoding=\"async\" src=\"https:\/\/www.movement.org\/wp-content\/uploads\/2020\/03\/MOVEMENT_ORG_Icons_PushhPay.png\" alt=\"give online icon\" height=\"240\" width=\"240\" title=\"MOVEMENT_ORG_Icons_PushhPay\" onerror=\"this.style.display='none'\" loading=\"lazy\" \/>\n\t<\/figure>\n<h4>\n\t\t\tDAR EN L\u00cdNEA\t<\/h4>\n\t<p>Su generosa donaci\u00f3n ayudar\u00e1 a Movement.org a seguir apoyando la capacitaci\u00f3n de liderazgo para profesionales y j\u00f3venes, MG Nueva York, expresiones en toda la ciudad de Africa a Australia y mucho m\u00e1s.<\/p>\n\t\t\t<a href=\"https:\/\/movementorg.churchcenter.com\/giving?open-in-church-center-modal=true\"  target=\"_self\" rel=\"nofollow\">\n\t\t\t\t\t\t\tGive Now\n\t\t\t\t\t<\/a>\n<figure itemscope itemtype=\"https:\/\/schema.org\/ImageObject\">\n\t\t\t\t<img decoding=\"async\" src=\"https:\/\/www.movement.org\/wp-content\/uploads\/2020\/03\/MOVEMENT_ORG_Icons_Mail_Check.png\" alt=\"Mail a check\" height=\"240\" width=\"240\" title=\"MOVEMENT_ORG_Icons_Mail_Check\" onerror=\"this.style.display='none'\" loading=\"lazy\" \/>\n\t<\/figure>\n<h4>\n\t\t\tENV\u00cdE UN CHEQUE POR CORREO\t<\/h4>\n\t<p>Las donaciones deben hacerse a:<\/p>\n<b>MOVEMENT.ORG<\/b><br \/>\nAttn: Equipo de Relaciones con Donantes<br \/>\n82 Nassau Street, #60864<br \/>\nNew York, NY 10038\n\t\t\t<a href=\"mailto:giving@movement.org\"  target=\"_blank\" rel=\"noopener\">\n\t\t\t\t\t\t\tENV\u00cdENOS UN CORREO ELECTR\u00d3NICO\n\t\t\t\t\t<\/a>\n<figure itemscope itemtype=\"https:\/\/schema.org\/ImageObject\">\n\t\t\t\t<img decoding=\"async\" src=\"https:\/\/www.movement.org\/wp-content\/uploads\/2020\/03\/MOVEMENT_ORG_Icons_Transfer_Stock_2-150x150.png\" alt=\"Transfer securities\" height=\"150\" width=\"150\" title=\"MOVEMENT_ORG_Icons_Transfer_Stock_2\" onerror=\"this.style.display='none'\" loading=\"lazy\" \/>\n\t<\/figure>\n\t<p>Para obtener instrucciones para dar acciones, fondos mutuales u otros valores, p\u00f3ngase en contacto con nuestro equipo de relaciones con donantes en el siguiente enlace de correo electr\u00f3nico.<\/p>\n\t\t\t<a href=\"mailto:giving@movement.org\"  target=\"_blank\" rel=\"noopener\">\n\t\t\t\t\t\t\tENV\u00cdENOS UN CORREO ELECTR\u00d3NICO\n\t\t\t\t\t<\/a>\n<figure itemscope itemtype=\"https:\/\/schema.org\/ImageObject\">\n\t\t\t\t<img decoding=\"async\" src=\"https:\/\/www.movement.org\/wp-content\/uploads\/2020\/03\/MOVEMENT_ORG_Icons_Transfer_Stock_2-150x150.png\" alt=\"Transfer securities\" height=\"150\" width=\"150\" title=\"MOVEMENT_ORG_Icons_Transfer_Stock_2\" onerror=\"this.style.display='none'\" loading=\"lazy\" \/>\n\t<\/figure>\n<h4>\n\t\t\tEMAIL CHECK\t<\/h4>\n\t<p>Donations may also be sent via a picture of your check for online deposit to <a title=\"mailto:giving@movement.org\" href=\"mailto:giving@movement.org\" target=\"_blank\" rel=\"nofollow noopener\">giving@movement.org<\/a>.<\/p>\n\t\t\t<a href=\"mailto:giving@movement.org\"  target=\"_blank\" rel=\"noopener\">\n\t\t\t\t\t\t\tENV\u00cdENOS UN CORREO ELECTR\u00d3NICO\n\t\t\t\t\t<\/a>\n<h3>\n\t\t\t\u00bfTienes alguna pregunta sobre las donaciones?\t<\/h3>\n\t\t\t<a href=\"\/es\/get-in-touch\/\"  target=\"_self\">\n\t\t\t\t\t\t\tCONT\u00c1CTANOS\n\t\t\t\t\t<\/a>","protected":false},"excerpt":{"rendered":"How to Give\t\n\n\t\t\t\t\n\t\n\n\t\t\tgive online\t\n\t<p>Su generosa donaci\u00f3n ayudar\u00e1 a Movement.org a seguir apoyando la capacitaci\u00f3n de liderazgo para profesionales y j\u00f3venes, MG Nueva York, expresiones en toda la ciudad de Africa a Australia y mucho m\u00e1s.<\/p>Give Now\n\t\t\t\t\t\n\n\t\t\t\t\n\t\n\n\t\t\tMail a check\t\n\tDonations should...","protected":false},"author":4,"featured_media":0,"parent":0,"menu_order":0,"comment_status":"closed","ping_status":"closed","template":"","meta":{"give_campaign_id":0,"footnotes":""},"class_list":["post-31","page","type-page","status-publish","hentry"],"yoast_head":"<!-- This site is optimized with the Yoast SEO plugin v27.4 - https:\/\/yoast.com\/product\/yoast-seo-wordpress\/ -->\n<title>Your Generous Donation Helps - MOVEMENT.ORG<\/title>\n<meta name=\"description\" content=\"Your generous donation will help Movement.org continue to support leadership training for professionals and youth and our other initiatives.\" \/>\n<meta name=\"robots\" content=\"index, follow, max-snippet:-1, max-image-preview:large, max-video-preview:-1\" \/>\n<link rel=\"canonical\" href=\"https:\/\/www.movement.org\/es\/give\/\" \/>\n<meta property=\"og:locale\" content=\"es_MX\" \/>\n<meta property=\"og:type\" content=\"article\" \/>\n<meta property=\"og:title\" content=\"Your Generous Donation Helps - MOVEMENT.ORG\" \/>\n<meta property=\"og:description\" content=\"Your generous donation will help Movement.org continue to support leadership training for professionals and youth and our other initiatives.\" \/>\n<meta property=\"og:url\" content=\"https:\/\/www.movement.org\/es\/give\/\" \/>\n<meta property=\"og:site_name\" content=\"MOVEMENT.ORG\" \/>\n<meta property=\"article:modified_time\" content=\"2026-02-01T10:53:41+00:00\" \/>\n<meta property=\"og:image\" content=\"https:\/\/www.movement.org\/wp-content\/uploads\/2020\/03\/MOVEMENT_ORG_Icons_PushhPay.png\" \/>\n<meta name=\"twitter:card\" content=\"summary_large_image\" \/>\n<meta name=\"twitter:label1\" content=\"Tiempo de lectura\" \/>\n\t<meta name=\"twitter:data1\" content=\"2 minutos\" \/>\n<script type=\"application\/ld+json\" class=\"yoast-schema-graph\">{\"@context\":\"https:\\\/\\\/schema.org\",\"@graph\":[{\"@type\":\"WebPage\",\"@id\":\"https:\\\/\\\/www.movement.org\\\/give\\\/\",\"url\":\"https:\\\/\\\/www.movement.org\\\/give\\\/\",\"name\":\"Your Generous Donation Helps - MOVEMENT.ORG\",\"isPartOf\":{\"@id\":\"https:\\\/\\\/www.movement.org\\\/#website\"},\"primaryImageOfPage\":{\"@id\":\"https:\\\/\\\/www.movement.org\\\/give\\\/#primaryimage\"},\"image\":{\"@id\":\"https:\\\/\\\/www.movement.org\\\/give\\\/#primaryimage\"},\"thumbnailUrl\":\"https:\\\/\\\/www.movement.org\\\/wp-content\\\/uploads\\\/2020\\\/03\\\/MOVEMENT_ORG_Icons_PushhPay.png\",\"datePublished\":\"2020-04-28T21:08:12+00:00\",\"dateModified\":\"2026-02-01T10:53:41+00:00\",\"description\":\"Your generous donation will help Movement.org continue to support leadership training for professionals and youth and our other initiatives.\",\"breadcrumb\":{\"@id\":\"https:\\\/\\\/www.movement.org\\\/give\\\/#breadcrumb\"},\"inLanguage\":\"es\",\"potentialAction\":[{\"@type\":\"ReadAction\",\"target\":[\"https:\\\/\\\/www.movement.org\\\/give\\\/\"]}]},{\"@type\":\"ImageObject\",\"inLanguage\":\"es\",\"@id\":\"https:\\\/\\\/www.movement.org\\\/give\\\/#primaryimage\",\"url\":\"https:\\\/\\\/www.movement.org\\\/wp-content\\\/uploads\\\/2020\\\/03\\\/MOVEMENT_ORG_Icons_PushhPay.png\",\"contentUrl\":\"https:\\\/\\\/www.movement.org\\\/wp-content\\\/uploads\\\/2020\\\/03\\\/MOVEMENT_ORG_Icons_PushhPay.png\"},{\"@type\":\"BreadcrumbList\",\"@id\":\"https:\\\/\\\/www.movement.org\\\/give\\\/#breadcrumb\",\"itemListElement\":[{\"@type\":\"ListItem\",\"position\":1,\"name\":\"Home\",\"item\":\"https:\\\/\\\/www.movement.org\\\/\"},{\"@type\":\"ListItem\",\"position\":2,\"name\":\"Give\"}]},{\"@type\":\"WebSite\",\"@id\":\"https:\\\/\\\/www.movement.org\\\/#website\",\"url\":\"https:\\\/\\\/www.movement.org\\\/\",\"name\":\"MOVEMENT.ORG\",\"description\":\"Engaging leaders to positively impact their cities around the world\",\"publisher\":{\"@id\":\"https:\\\/\\\/www.movement.org\\\/#organization\"},\"potentialAction\":[{\"@type\":\"SearchAction\",\"target\":{\"@type\":\"EntryPoint\",\"urlTemplate\":\"https:\\\/\\\/www.movement.org\\\/?s={search_term_string}\"},\"query-input\":{\"@type\":\"PropertyValueSpecification\",\"valueRequired\":true,\"valueName\":\"search_term_string\"}}],\"inLanguage\":\"es\"},{\"@type\":\"Organization\",\"@id\":\"https:\\\/\\\/www.movement.org\\\/#organization\",\"name\":\"Movement.Org\",\"url\":\"https:\\\/\\\/www.movement.org\\\/\",\"logo\":{\"@type\":\"ImageObject\",\"inLanguage\":\"es\",\"@id\":\"https:\\\/\\\/www.movement.org\\\/#\\\/schema\\\/logo\\\/image\\\/\",\"url\":\"https:\\\/\\\/www.movement.org\\\/wp-content\\\/uploads\\\/2020\\\/02\\\/MovementOrg-Logo-Dark.png\",\"contentUrl\":\"https:\\\/\\\/www.movement.org\\\/wp-content\\\/uploads\\\/2020\\\/02\\\/MovementOrg-Logo-Dark.png\",\"width\":644,\"height\":118,\"caption\":\"Movement.Org\"},\"image\":{\"@id\":\"https:\\\/\\\/www.movement.org\\\/#\\\/schema\\\/logo\\\/image\\\/\"}}]}<\/script>\n<!-- \/ Yoast SEO plugin. -->","yoast_head_json":{"title":"Your Generous Donation Helps - MOVEMENT.ORG","description":"Your generous donation will help Movement.org continue to support leadership training for professionals and youth and our other initiatives.","robots":{"index":"index","follow":"follow","max-snippet":"max-snippet:-1","max-image-preview":"max-image-preview:large","max-video-preview":"max-video-preview:-1"},"canonical":"https:\/\/www.movement.org\/es\/give\/","og_locale":"es_MX","og_type":"article","og_title":"Your Generous Donation Helps - MOVEMENT.ORG","og_description":"Your generous donation will help Movement.org continue to support leadership training for professionals and youth and our other initiatives.","og_url":"https:\/\/www.movement.org\/es\/give\/","og_site_name":"MOVEMENT.ORG","article_modified_time":"2026-02-01T10:53:41+00:00","og_image":[{"url":"https:\/\/www.movement.org\/wp-content\/uploads\/2020\/03\/MOVEMENT_ORG_Icons_PushhPay.png","type":"","width":"","height":""}],"twitter_card":"summary_large_image","twitter_misc":{"Tiempo de lectura":"2 minutos"},"schema":{"@context":"https:\/\/schema.org","@graph":[{"@type":"WebPage","@id":"https:\/\/www.movement.org\/give\/","url":"https:\/\/www.movement.org\/give\/","name":"Your Generous Donation Helps - MOVEMENT.ORG","isPartOf":{"@id":"https:\/\/www.movement.org\/#website"},"primaryImageOfPage":{"@id":"https:\/\/www.movement.org\/give\/#primaryimage"},"image":{"@id":"https:\/\/www.movement.org\/give\/#primaryimage"},"thumbnailUrl":"https:\/\/www.movement.org\/wp-content\/uploads\/2020\/03\/MOVEMENT_ORG_Icons_PushhPay.png","datePublished":"2020-04-28T21:08:12+00:00","dateModified":"2026-02-01T10:53:41+00:00","description":"Your generous donation will help Movement.org continue to support leadership training for professionals and youth and our other initiatives.","breadcrumb":{"@id":"https:\/\/www.movement.org\/give\/#breadcrumb"},"inLanguage":"es","potentialAction":[{"@type":"ReadAction","target":["https:\/\/www.movement.org\/give\/"]}]},{"@type":"ImageObject","inLanguage":"es","@id":"https:\/\/www.movement.org\/give\/#primaryimage","url":"https:\/\/www.movement.org\/wp-content\/uploads\/2020\/03\/MOVEMENT_ORG_Icons_PushhPay.png","contentUrl":"https:\/\/www.movement.org\/wp-content\/uploads\/2020\/03\/MOVEMENT_ORG_Icons_PushhPay.png"},{"@type":"BreadcrumbList","@id":"https:\/\/www.movement.org\/give\/#breadcrumb","itemListElement":[{"@type":"ListItem","position":1,"name":"Home","item":"https:\/\/www.movement.org\/"},{"@type":"ListItem","position":2,"name":"Give"}]},{"@type":"WebSite","@id":"https:\/\/www.movement.org\/#website","url":"https:\/\/www.movement.org\/","name":"MOVEMENT.ORG","description":"INVOLUCRAR A LOS L\u00cdDERES PARA QUE IMPACTEN POSITIVAMENTE SUS CIUDADES EN TODO EL MUNDO","publisher":{"@id":"https:\/\/www.movement.org\/#organization"},"potentialAction":[{"@type":"SearchAction","target":{"@type":"EntryPoint","urlTemplate":"https:\/\/www.movement.org\/?s={search_term_string}"},"query-input":{"@type":"PropertyValueSpecification","valueRequired":true,"valueName":"search_term_string"}}],"inLanguage":"es"},{"@type":"Organization","@id":"https:\/\/www.movement.org\/#organization","name":"Movement.Org","url":"https:\/\/www.movement.org\/","logo":{"@type":"ImageObject","inLanguage":"es","@id":"https:\/\/www.movement.org\/#\/schema\/logo\/image\/","url":"https:\/\/www.movement.org\/wp-content\/uploads\/2020\/02\/MovementOrg-Logo-Dark.png","contentUrl":"https:\/\/www.movement.org\/wp-content\/uploads\/2020\/02\/MovementOrg-Logo-Dark.png","width":644,"height":118,"caption":"Movement.Org"},"image":{"@id":"https:\/\/www.movement.org\/#\/schema\/logo\/image\/"}}]}},"campaignId":"","_links":{"self":[{"href":"https:\/\/www.movement.org\/es\/wp-json\/wp\/v2\/pages\/31","targetHints":{"allow":["GET"]}}],"collection":[{"href":"https:\/\/www.movement.org\/es\/wp-json\/wp\/v2\/pages"}],"about":[{"href":"https:\/\/www.movement.org\/es\/wp-json\/wp\/v2\/types\/page"}],"author":[{"embeddable":true,"href":"https:\/\/www.movement.org\/es\/wp-json\/wp\/v2\/users\/4"}],"replies":[{"embeddable":true,"href":"https:\/\/www.movement.org\/es\/wp-json\/wp\/v2\/comments?post=31"}],"version-history":[{"count":6,"href":"https:\/\/www.movement.org\/es\/wp-json\/wp\/v2\/pages\/31\/revisions"}],"predecessor-version":[{"id":10809,"href":"https:\/\/www.movement.org\/es\/wp-json\/wp\/v2\/pages\/31\/revisions\/10809"}],"wp:attachment":[{"href":"https:\/\/www.movement.org\/es\/wp-json\/wp\/v2\/media?parent=31"}],"curies":[{"name":"wp","href":"https:\/\/api.w.org\/{rel}","templated":true}]}}