{"id":4808,"date":"2020-03-24T09:51:15","date_gmt":"2020-03-24T15:51:15","guid":{"rendered":"https:\/\/www.movement.org\/?page_id=4808"},"modified":"2020-03-27T16:30:05","modified_gmt":"2020-03-27T22:30:05","slug":"movement-day-australia-update","status":"publish","type":"page","link":"https:\/\/www.movement.org\/es\/movement-day-australia-update\/","title":{"rendered":"ACTUALIZACI\u00d3N DEL DIA DE MOVIMIENTO AUSTRALIA"},"content":{"rendered":"<h1>\n\t<\/h1>\n\t<p>A pesar de la cancelaci\u00f3n del Encuentro Nacional del D\u00eda del Movimiento de Australia, vea c\u00f3mo la unidad de Cristo en Australia se est\u00e1 uniendo de maneras notables para amar, apoyar y orar por su pa\u00eds. En momentos como este, todos somos uno y podemos aprender unos de otros.<\/p>\n<p><a href=\"https:\/\/madmimi.com\/p\/b5ec601?pact=37658-157442016-12046998693-93e47bb694e669cccf99e270cb9057dc38f64d4a\" target=\"_blank\" rel=\"noopener noreferrer\">Read A Message from ACC&#8217;s National President<\/a><\/p>\n<strong>LLAMADO A LA ORACION<br \/>\nUn mensaje del presidente nacional de ACC<\/strong>\n<p>Hola mi amigo,<\/p>\n<p>Nos encontramos en un momento incre\u00edble de la historia de la humanidad. El virus COVID19 est\u00e1 provocando el caos en todos los \u00e1mbitos de la sociedad. Como resultado, el miedo se apodera de los corazones y las mentes de las personas en todas partes. Las predicciones actuales de organizaciones como W.H.O. son terribles, si no se detiene esta pandemia.<\/p>\n<p>\u00a1Aqu\u00ed es donde la Iglesia debe permanecer en la brecha!<\/p>\n<p>Tengo la convicci\u00f3n de que es el momento de que la Iglesia de Jesucristo en esta naci\u00f3n permanezca unida en oraci\u00f3n hasta que veamos que esta pandemia se detuvo. De ah\u00ed este correo electr\u00f3nico, que sigue las maravillosas conversaciones que he tenido con muchos de ustedes.<\/p>\n<p>Me ha abrumado el apoyo y la unidad sin precedentes que se han expresado cuando habl\u00e9 con l\u00edderes de denominaciones y ministerios en toda Australia. Todos estamos de acuerdo en que debemos orar \u2013  independientemente de nuestras tradiciones. Muchos de ustedes ya tienen algunas estrategias implementadas, pero me pregunto si podr\u00edamos acordar reunirnos en un \"terreno com\u00fan\" en torno a una estrategia simple que es la siguiente:<\/p>\n<ul>\n<li>Lanzar este jueves 19 de marzo a las 1900 horas (todos los d\u00edas a partir de entonces).<\/li>\n<li>Orar por nuestra naci\u00f3n en respuesta a COVID19. (Las horas 19 y 19 son simplemente un recordatorio y una conexi\u00f3n eficaces).<\/li>\n<li>Asociarse con intercesores en todo el pa\u00eds, quienes llevar\u00e1n una gran carga de oraci\u00f3n durante esta temporada.<\/li>\n<li>Convocar de un D\u00eda Nacional de Oraci\u00f3n y Ayuno el domingo 29 de marzo. (Reconocemos que este es un domingo importante entre algunos de nuestros amigos tradicionales de la iglesia).<\/li>\n<\/ul>\n<p><strong>Algunos puntos a tener en cuenta:<\/strong><\/p>\n<ol>\n<li>Esto no reemplaza nada que ya haya iniciado. (Esta es una estrategia \"y\" no \u201co\")<\/li>\n<li>Le agradecer\u00eda que distribuyera esto en su base de datos.<\/li>\n<li>Estemos juntos en la promesa de 2 Cr\u00f3nicas 7:14.<\/li>\n<li>Ore en unidad las promesas del Salmo 91 (un interesante reverso del 19). Aqu\u00ed hay dos vers\u00edculos conmovedores dentro del Salmo 91 que nuestro equipo ha estado declarando:<\/li>\n<\/ol>\n<p>14 \u201cPorque me ama\u201d, dice el Se\u00f1or, \u201clo rescatar\u00e9;<\/p>\nVoy a protegerlo, por reconocer mi nombre.<br \/>\n15 Me invocar\u00e1, y yo le responder\u00e9;\n<p>Estar\u00e9 con \u00e9l en la angustia,<\/p>\n<p>Lo librar\u00e9 y lo honrar\u00e9.<\/p>\n<p>Finally, please find attached an example of communication from a dear brother, Bishop Philip Huggins \u2013 who has begun communication regarding this initiative, in his office as NCCA President.<\/p>\n<strong>WAYNE ALCORN<br \/>\n<\/strong>Presidente Nacional<br \/>\nIGLESIAS CRISTIANAS DE AUSTRALIA\n\t\t\t\t<img loading=\"lazy\" decoding=\"async\" src=\"https:\/\/www.movement.org\/wp-content\/uploads\/2020\/03\/national-council-churches-australia-crop.jpg\" alt=\"Letter National Council of Churches in Australia\" itemprop=\"image\" height=\"648\" width=\"383\" title=\"national-council-churches-australia-crop\" onerror=\"this.style.display='none'\"  \/>\n\t<h2>The purpose of the Movement Australia?<\/h2>\nMovement Australia prophetically declares that Australian cities belong to God.<br \/>\nMovement Australia champions a new paradigm where the local Church and local Christian leaders make a choice to come together in humility, trust and reconciled diversity to become a generational, city-wide family.\nThe focus of this city-wide family is to serve one another, accept responsibility for the stubborn facts affecting their city and engage collaboratively to bring solutions that permeate their city with a generous, localised gospel that releases beauty and shalom.<br \/>\nThe impact of this new paradigm is showcased at Movement Day.\n<p>Visit the Movement Day website \u2013\u00a0<a href=\"http:\/\/www.movementday.com.au\/\" target=\"_blank\" rel=\"noopener noreferrer\">www.movementday.com.au<\/a><\/p>","protected":false},"excerpt":{"rendered":"<p>A pesar de la cancelaci\u00f3n del Encuentro Nacional del D\u00eda del Movimiento de Australia, vea c\u00f3mo la unidad de Cristo en Australia se est\u00e1 uniendo de maneras notables para amar, apoyar y orar por su pa\u00eds. En momentos como este, todos somos uno y podemos aprender unos de otros.<\/p>Read A ...","protected":false},"author":4,"featured_media":0,"parent":0,"menu_order":0,"comment_status":"closed","ping_status":"closed","template":"","meta":{"give_campaign_id":0,"footnotes":""},"class_list":["post-4808","page","type-page","status-publish","hentry"],"yoast_head":"<!-- This site is optimized with the Yoast SEO plugin v27.5 - https:\/\/yoast.com\/product\/yoast-seo-wordpress\/ -->\n<title>Movement Day Australia Update - MOVEMENT.ORG<\/title>\n<meta name=\"description\" content=\"In spite of the cancellation of Australia\u2019s Movement Day National Gathering due to COVID-19, see how the unity of Christ across Australia is coming together in remarkable ways.\" \/>\n<meta name=\"robots\" content=\"index, follow, max-snippet:-1, max-image-preview:large, max-video-preview:-1\" \/>\n<link rel=\"canonical\" href=\"https:\/\/www.movement.org\/es\/movement-day-australia-update\/\" \/>\n<meta property=\"og:locale\" content=\"es_MX\" \/>\n<meta property=\"og:type\" content=\"article\" \/>\n<meta property=\"og:title\" content=\"Movement Day Australia Update - MOVEMENT.ORG\" \/>\n<meta property=\"og:description\" content=\"In spite of the cancellation of Australia\u2019s Movement Day National Gathering due to COVID-19, see how the unity of Christ across Australia is coming together in remarkable ways.\" \/>\n<meta property=\"og:url\" content=\"https:\/\/www.movement.org\/es\/movement-day-australia-update\/\" \/>\n<meta property=\"og:site_name\" content=\"MOVEMENT.ORG\" \/>\n<meta property=\"article:modified_time\" content=\"2020-03-27T22:30:05+00:00\" \/>\n<meta property=\"og:image\" content=\"https:\/\/www.movement.org\/wp-content\/uploads\/2020\/03\/national-council-churches-australia-crop.jpg\" \/>\n<meta name=\"twitter:card\" content=\"summary_large_image\" \/>\n<meta name=\"twitter:label1\" content=\"Tiempo de lectura\" \/>\n\t<meta name=\"twitter:data1\" content=\"3 minutos\" \/>\n<script type=\"application\/ld+json\" class=\"yoast-schema-graph\">{\"@context\":\"https:\\\/\\\/schema.org\",\"@graph\":[{\"@type\":\"WebPage\",\"@id\":\"https:\\\/\\\/www.movement.org\\\/movement-day-australia-update\\\/\",\"url\":\"https:\\\/\\\/www.movement.org\\\/movement-day-australia-update\\\/\",\"name\":\"Movement Day Australia Update - MOVEMENT.ORG\",\"isPartOf\":{\"@id\":\"https:\\\/\\\/www.movement.org\\\/#website\"},\"primaryImageOfPage\":{\"@id\":\"https:\\\/\\\/www.movement.org\\\/movement-day-australia-update\\\/#primaryimage\"},\"image\":{\"@id\":\"https:\\\/\\\/www.movement.org\\\/movement-day-australia-update\\\/#primaryimage\"},\"thumbnailUrl\":\"https:\\\/\\\/www.movement.org\\\/wp-content\\\/uploads\\\/2020\\\/03\\\/national-council-churches-australia-crop.jpg\",\"datePublished\":\"2020-03-24T15:51:15+00:00\",\"dateModified\":\"2020-03-27T22:30:05+00:00\",\"description\":\"In spite of the cancellation of Australia\u2019s Movement Day National Gathering due to COVID-19, see how the unity of Christ across Australia is coming together in remarkable ways.\",\"breadcrumb\":{\"@id\":\"https:\\\/\\\/www.movement.org\\\/movement-day-australia-update\\\/#breadcrumb\"},\"inLanguage\":\"es\",\"potentialAction\":[{\"@type\":\"ReadAction\",\"target\":[\"https:\\\/\\\/www.movement.org\\\/movement-day-australia-update\\\/\"]}]},{\"@type\":\"ImageObject\",\"inLanguage\":\"es\",\"@id\":\"https:\\\/\\\/www.movement.org\\\/movement-day-australia-update\\\/#primaryimage\",\"url\":\"https:\\\/\\\/www.movement.org\\\/wp-content\\\/uploads\\\/2020\\\/03\\\/national-council-churches-australia-crop.jpg\",\"contentUrl\":\"https:\\\/\\\/www.movement.org\\\/wp-content\\\/uploads\\\/2020\\\/03\\\/national-council-churches-australia-crop.jpg\"},{\"@type\":\"BreadcrumbList\",\"@id\":\"https:\\\/\\\/www.movement.org\\\/movement-day-australia-update\\\/#breadcrumb\",\"itemListElement\":[{\"@type\":\"ListItem\",\"position\":1,\"name\":\"Home\",\"item\":\"https:\\\/\\\/www.movement.org\\\/\"},{\"@type\":\"ListItem\",\"position\":2,\"name\":\"Movement Day Australia Update\"}]},{\"@type\":\"WebSite\",\"@id\":\"https:\\\/\\\/www.movement.org\\\/#website\",\"url\":\"https:\\\/\\\/www.movement.org\\\/\",\"name\":\"MOVEMENT.ORG\",\"description\":\"Engaging leaders to positively impact their cities around the world\",\"publisher\":{\"@id\":\"https:\\\/\\\/www.movement.org\\\/#organization\"},\"potentialAction\":[{\"@type\":\"SearchAction\",\"target\":{\"@type\":\"EntryPoint\",\"urlTemplate\":\"https:\\\/\\\/www.movement.org\\\/?s={search_term_string}\"},\"query-input\":{\"@type\":\"PropertyValueSpecification\",\"valueRequired\":true,\"valueName\":\"search_term_string\"}}],\"inLanguage\":\"es\"},{\"@type\":\"Organization\",\"@id\":\"https:\\\/\\\/www.movement.org\\\/#organization\",\"name\":\"Movement.Org\",\"url\":\"https:\\\/\\\/www.movement.org\\\/\",\"logo\":{\"@type\":\"ImageObject\",\"inLanguage\":\"es\",\"@id\":\"https:\\\/\\\/www.movement.org\\\/#\\\/schema\\\/logo\\\/image\\\/\",\"url\":\"https:\\\/\\\/www.movement.org\\\/wp-content\\\/uploads\\\/2020\\\/02\\\/MovementOrg-Logo-Dark.png\",\"contentUrl\":\"https:\\\/\\\/www.movement.org\\\/wp-content\\\/uploads\\\/2020\\\/02\\\/MovementOrg-Logo-Dark.png\",\"width\":644,\"height\":118,\"caption\":\"Movement.Org\"},\"image\":{\"@id\":\"https:\\\/\\\/www.movement.org\\\/#\\\/schema\\\/logo\\\/image\\\/\"}}]}<\/script>\n<!-- \/ Yoast SEO plugin. -->","yoast_head_json":{"title":"Movement Day Australia Update - MOVEMENT.ORG","description":"In spite of the cancellation of Australia\u2019s Movement Day National Gathering due to COVID-19, see how the unity of Christ across Australia is coming together in remarkable ways.","robots":{"index":"index","follow":"follow","max-snippet":"max-snippet:-1","max-image-preview":"max-image-preview:large","max-video-preview":"max-video-preview:-1"},"canonical":"https:\/\/www.movement.org\/es\/movement-day-australia-update\/","og_locale":"es_MX","og_type":"article","og_title":"Movement Day Australia Update - MOVEMENT.ORG","og_description":"In spite of the cancellation of Australia\u2019s Movement Day National Gathering due to COVID-19, see how the unity of Christ across Australia is coming together in remarkable ways.","og_url":"https:\/\/www.movement.org\/es\/movement-day-australia-update\/","og_site_name":"MOVEMENT.ORG","article_modified_time":"2020-03-27T22:30:05+00:00","og_image":[{"url":"https:\/\/www.movement.org\/wp-content\/uploads\/2020\/03\/national-council-churches-australia-crop.jpg","type":"","width":"","height":""}],"twitter_card":"summary_large_image","twitter_misc":{"Tiempo de lectura":"3 minutos"},"schema":{"@context":"https:\/\/schema.org","@graph":[{"@type":"WebPage","@id":"https:\/\/www.movement.org\/movement-day-australia-update\/","url":"https:\/\/www.movement.org\/movement-day-australia-update\/","name":"Movement Day Australia Update - MOVEMENT.ORG","isPartOf":{"@id":"https:\/\/www.movement.org\/#website"},"primaryImageOfPage":{"@id":"https:\/\/www.movement.org\/movement-day-australia-update\/#primaryimage"},"image":{"@id":"https:\/\/www.movement.org\/movement-day-australia-update\/#primaryimage"},"thumbnailUrl":"https:\/\/www.movement.org\/wp-content\/uploads\/2020\/03\/national-council-churches-australia-crop.jpg","datePublished":"2020-03-24T15:51:15+00:00","dateModified":"2020-03-27T22:30:05+00:00","description":"In spite of the cancellation of Australia\u2019s Movement Day National Gathering due to COVID-19, see how the unity of Christ across Australia is coming together in remarkable ways.","breadcrumb":{"@id":"https:\/\/www.movement.org\/movement-day-australia-update\/#breadcrumb"},"inLanguage":"es","potentialAction":[{"@type":"ReadAction","target":["https:\/\/www.movement.org\/movement-day-australia-update\/"]}]},{"@type":"ImageObject","inLanguage":"es","@id":"https:\/\/www.movement.org\/movement-day-australia-update\/#primaryimage","url":"https:\/\/www.movement.org\/wp-content\/uploads\/2020\/03\/national-council-churches-australia-crop.jpg","contentUrl":"https:\/\/www.movement.org\/wp-content\/uploads\/2020\/03\/national-council-churches-australia-crop.jpg"},{"@type":"BreadcrumbList","@id":"https:\/\/www.movement.org\/movement-day-australia-update\/#breadcrumb","itemListElement":[{"@type":"ListItem","position":1,"name":"Home","item":"https:\/\/www.movement.org\/"},{"@type":"ListItem","position":2,"name":"Movement Day Australia Update"}]},{"@type":"WebSite","@id":"https:\/\/www.movement.org\/#website","url":"https:\/\/www.movement.org\/","name":"MOVEMENT.ORG","description":"INVOLUCRAR A LOS L\u00cdDERES PARA QUE IMPACTEN POSITIVAMENTE SUS CIUDADES EN TODO EL MUNDO","publisher":{"@id":"https:\/\/www.movement.org\/#organization"},"potentialAction":[{"@type":"SearchAction","target":{"@type":"EntryPoint","urlTemplate":"https:\/\/www.movement.org\/?s={search_term_string}"},"query-input":{"@type":"PropertyValueSpecification","valueRequired":true,"valueName":"search_term_string"}}],"inLanguage":"es"},{"@type":"Organization","@id":"https:\/\/www.movement.org\/#organization","name":"Movement.Org","url":"https:\/\/www.movement.org\/","logo":{"@type":"ImageObject","inLanguage":"es","@id":"https:\/\/www.movement.org\/#\/schema\/logo\/image\/","url":"https:\/\/www.movement.org\/wp-content\/uploads\/2020\/02\/MovementOrg-Logo-Dark.png","contentUrl":"https:\/\/www.movement.org\/wp-content\/uploads\/2020\/02\/MovementOrg-Logo-Dark.png","width":644,"height":118,"caption":"Movement.Org"},"image":{"@id":"https:\/\/www.movement.org\/#\/schema\/logo\/image\/"}}]}},"campaignId":"","_links":{"self":[{"href":"https:\/\/www.movement.org\/es\/wp-json\/wp\/v2\/pages\/4808","targetHints":{"allow":["GET"]}}],"collection":[{"href":"https:\/\/www.movement.org\/es\/wp-json\/wp\/v2\/pages"}],"about":[{"href":"https:\/\/www.movement.org\/es\/wp-json\/wp\/v2\/types\/page"}],"author":[{"embeddable":true,"href":"https:\/\/www.movement.org\/es\/wp-json\/wp\/v2\/users\/4"}],"replies":[{"embeddable":true,"href":"https:\/\/www.movement.org\/es\/wp-json\/wp\/v2\/comments?post=4808"}],"version-history":[{"count":0,"href":"https:\/\/www.movement.org\/es\/wp-json\/wp\/v2\/pages\/4808\/revisions"}],"wp:attachment":[{"href":"https:\/\/www.movement.org\/es\/wp-json\/wp\/v2\/media?parent=4808"}],"curies":[{"name":"wp","href":"https:\/\/api.w.org\/{rel}","templated":true}]}}