{"id":7135,"date":"2020-10-01T17:13:22","date_gmt":"2020-10-01T23:13:22","guid":{"rendered":"https:\/\/www.movement.org\/?page_id=7135"},"modified":"2021-07-15T15:54:18","modified_gmt":"2021-07-15T21:54:18","slug":"movement-us-city-leaders-call-10-01-20","status":"publish","type":"page","link":"https:\/\/www.movement.org\/es\/movement-us-city-leaders-call-10-01-20\/","title":{"rendered":"Movement US City Leaders Call \u2013 10-01-20"},"content":{"rendered":"<h1>\n\t\tMovimiento EE.UU.\n\t<\/h1>\n<h2>\n\t\tRecursos\n\t<\/h2>\n<h1>\n\t\tMovimiento EE.UU.\n\t<\/h1>\n<h2>\n\t\tRecursos\n\t<\/h2>\n<h2>\n\t\tLLAMADA DE L\u00cdDERES DE CIUDADES DE EE. UU.\n\t<\/h2>\n<h3>\n\t\t10\/01\/2020\n\t<\/h3>\n\t<meta itemprop=\"name\" content=\"U.S. City Leaders Call 10\/01\/2020\" \/><meta itemprop=\"uploadDate\" content=\"2020-10-01\" \/><meta itemprop=\"thumbnailUrl\" content=\"https:\/\/www.movement.org\/wp-content\/uploads\/2020\/10\/movement-city-leaders-calls-20201001.jpg\" \/><meta itemprop=\"description\" content=\"Weekly call of the Movement US City Leaders\" \/><iframe loading=\"lazy\" src=\"https:\/\/player.vimeo.com\/video\/464012304\" width=\"640\" height=\"360\" frameborder=\"0\" allow=\"autoplay; fullscreen\"><\/iframe>\n<h2>\n\t\tTranscripci\u00f3n del Chat\n\t<\/h2>\n\t<p><strong>00:39:21 Jose Duran:<\/strong> \u00a1impresionante Ad\u00e1n!<\/p>\n<p><strong>00:41:19 Tom White:<\/strong> &#8220;animated Adam!<\/p>\n<p><strong>00:41:26 Kevin Palau:<\/strong> I&#8217;ve LOVED being a part of a number of those pastors prayer gatherings in NYC&#8230;so powerful!<\/p>\n<p><strong>00:41:32 Lisa Mathews:<\/strong> contagiosa!!!!<\/p>\n<p><strong>00:42:03 lesly :<\/strong> fue una bendici\u00f3n<\/p>\n<p><strong>00:42:17 Lisa Mathews:<\/strong> \u00a1Ministros ungidos para servir en tiempos de oscuridad!<\/p>\n<p><strong>00:44:00 Jose Duran:<\/strong> \u00a1Necesitamos pasar de colegas a ser amigos!<\/p>\n<p><strong>00:44:10 Lisa Mathews:<\/strong> Si!<\/p>\n<p><strong>00:44:15 Jose Duran:<\/strong> Esa es una declaraci\u00f3n poderosa!<\/p>\n<p><strong>00:46:01 Lisa Mathews:<\/strong> \u00a1Incre\u00edble!<\/p>\n<p><strong>00:46:03 Annette Cutino:<\/strong> Dios te Bendiga Adam!<\/p>\n<p><strong>00:46:55 Chris Yu<\/strong>: D\u00eda de Movimiento NYC 2020: Link de Registro: https:\/\/www.eventbrite.com\/e\/movement-day-nyc-2020-tickets-115243213554?aff=erelexpmlt | Martes 20 de octubre a mi\u00e9rcoles 21 de 2020<\/p>\n<p><strong>00:51:48 Craig Sider:<\/strong> liderazgo sobresaliente, Adam. sirviendo a la ciudad !!<\/p>\n<p><strong>00:51:58 Jose Duran:<\/strong> \u00bfC\u00f3mo est\u00e1n siguiendo las pautas de los CDC para esta reuni\u00f3n?<\/p>\n<p><strong>00:52:37 Annette Cutino:<\/strong> Jose &#8211; MD NYC will be virtual<\/p>\n<p><strong>00:52:47 Jose Duran:<\/strong> Grandioso!<\/p>\n<p><strong>00:52:54 Annette Cutino:<\/strong> Jose &#8211; evening gathering will be at restaur<\/p>\n<p><strong>00:53:13 Jose Duran:<\/strong> So cool! \ud83d\ude42<\/p>\n<p><strong>00:54:00 Annette Cutino:<\/strong> Jose &#8211; restaurant with CDC guidelines being managed by restaurant&#8230;.<\/p>\n<p><strong>00:54:30 Annette Cutino:<\/strong> \u00a1Gracias Tracy por orar por Nueva York!<\/p>\n<p><strong>00:54:48 Chris Yu:<\/strong> D\u00eda de Movimiento NYC 2020: Link de Registro: https:\/\/www.eventbrite.com\/e\/movement-day-nyc-2020-tickets-115243213554?aff=erelexpmlt | Martes 20 de octubre a mi\u00e9rcoles 21 de 2020<\/p>\n<p><strong>00:55:11 Jose Duran:<\/strong> Gracias Adam!<\/p>\n<p><strong>00:55:25 Adam Durso:<\/strong> Gracias a todos!<\/p>\n<p><strong>00:55:28 Adam Durso:<\/strong> Los amo!<\/p>\n<p><strong>00:56:10 Adam Durso:<\/strong> Sign up your team by 10\/10 and receive your FREE &#8220;Time Capsule from theFuture&#8221;<\/p>\n<p><strong>00:59:53 Annette Cutino:<\/strong> \u00a1Excelente video, Craig P y equipo!<\/p>\n<p><strong>01:00:15 Jose Duran:<\/strong> \u00a1Buen trabajo Craig!<\/p>\n<p><strong>01:00:17 Lisa Mathews:<\/strong> Lisa Mathews, lmathews@movement.org<\/p>\n<p><strong>01:07:31 Lisa Mathews:<\/strong> \u00a1H\u00e1ganos saber c\u00f3mo podemos hacer que esta reuni\u00f3n sea un \u00e9xito para todos!<\/p>\n<p><strong>01:08:00 Chris Mitchell:<\/strong> Hola a todos. Chris Mitchell, Williamsburg Virginia<\/p>\n<p><strong>01:15:54 Lisa Mathews:<\/strong> Gracias, Rick!!!!!<\/p>\n<p><strong>01:15:55 Chris Yu:<\/strong> ^Rick&#8217;s presentation<\/p>\n<p><strong>01:16:12 Jose Duran:<\/strong> Muchas gracias Rick!<\/p>\n<p><strong>01:16:41 Erna Gordon:<\/strong> Muchas gracias Rick. Lo apreciamos<\/p>\n<p><strong>01:17:39 Lisa Mathews:<\/strong> lmathews@movement.org. \u00a1Comun\u00edquese conmigo si puedo servirte de alguna manera!<\/p>\n<p><strong>01:17:51 Jose Duran:<\/strong> \u00a1Esta es una buena inversi\u00f3n de tiempo! \u00a1Gracias!<\/p>\n<p><strong>01:18:09 Erna Gordon:<\/strong> Jim Liske &#8211; Thank you and Team. God bless<\/p>","protected":false},"excerpt":{"rendered":"Movement USA\n\t\n\n\t\tResources\n\t\n\n\t\tMovement USA\n\t\n\n\t\tResources\n\t\n\n\t\tU.S. City Leaders Call\n\t\n\n\t\t10\/01\/2020\n\t\n\t\n\n\t\tChat Transcript\n\t\n\t<p><strong>00:39:21 Jose Duran:<\/strong> \u00a1impresionante Ad\u00e1n!<\/p><p><strong>00:41:19 Tom White:<\/strong> &#8220;animated Adam!<\/p><strong>00:41:26 Kevin Palau:<\/strong> I&#8217;ve LOVED being a part of a num...","protected":false},"author":4,"featured_media":0,"parent":0,"menu_order":0,"comment_status":"closed","ping_status":"closed","template":"","meta":{"give_campaign_id":0,"footnotes":""},"class_list":["post-7135","page","type-page","status-publish","hentry"],"yoast_head":"<!-- This site is optimized with the Yoast SEO plugin v27.4 - https:\/\/yoast.com\/product\/yoast-seo-wordpress\/ -->\n<title>Movement US City Leaders Call \u2013 10-01-20 - MOVEMENT.ORG<\/title>\n<meta name=\"robots\" content=\"index, follow, max-snippet:-1, max-image-preview:large, max-video-preview:-1\" \/>\n<link rel=\"canonical\" href=\"https:\/\/www.movement.org\/es\/movement-us-city-leaders-call-10-01-20\/\" \/>\n<meta property=\"og:locale\" content=\"es_MX\" \/>\n<meta property=\"og:type\" content=\"article\" \/>\n<meta property=\"og:title\" content=\"Movement US City Leaders Call \u2013 10-01-20 - MOVEMENT.ORG\" \/>\n<meta property=\"og:description\" content=\"Movement USA Resources Movement USA Resources U.S. City Leaders Call 10\/01\/2020 Chat Transcript 00:39:21 Jose Duran: Awesome Adam! 00:41:19 Tom White: &#8220;animated Adam! 00:41:26 Kevin Palau: I&#8217;ve LOVED being a part of a number of those pastors prayer gatherings in NYC&#8230;so powerful! 00:41:32 Lisa Mathews: contagious!!!! 00:42:03 lesly : it was a blessing 00:42:17 Lisa&hellip;\" \/>\n<meta property=\"og:url\" content=\"https:\/\/www.movement.org\/es\/movement-us-city-leaders-call-10-01-20\/\" \/>\n<meta property=\"og:site_name\" content=\"MOVEMENT.ORG\" \/>\n<meta property=\"article:modified_time\" content=\"2021-07-15T21:54:18+00:00\" \/>\n<meta name=\"twitter:card\" content=\"summary_large_image\" \/>\n<meta name=\"twitter:label1\" content=\"Tiempo de lectura\" \/>\n\t<meta name=\"twitter:data1\" content=\"2 minutos\" \/>\n<script type=\"application\/ld+json\" class=\"yoast-schema-graph\">{\"@context\":\"https:\\\/\\\/schema.org\",\"@graph\":[{\"@type\":\"WebPage\",\"@id\":\"https:\\\/\\\/www.movement.org\\\/movement-us-city-leaders-call-10-01-20\\\/\",\"url\":\"https:\\\/\\\/www.movement.org\\\/movement-us-city-leaders-call-10-01-20\\\/\",\"name\":\"Movement US City Leaders Call \u2013 10-01-20 - MOVEMENT.ORG\",\"isPartOf\":{\"@id\":\"https:\\\/\\\/www.movement.org\\\/#website\"},\"datePublished\":\"2020-10-01T23:13:22+00:00\",\"dateModified\":\"2021-07-15T21:54:18+00:00\",\"breadcrumb\":{\"@id\":\"https:\\\/\\\/www.movement.org\\\/movement-us-city-leaders-call-10-01-20\\\/#breadcrumb\"},\"inLanguage\":\"es\",\"potentialAction\":[{\"@type\":\"ReadAction\",\"target\":[\"https:\\\/\\\/www.movement.org\\\/movement-us-city-leaders-call-10-01-20\\\/\"]}]},{\"@type\":\"BreadcrumbList\",\"@id\":\"https:\\\/\\\/www.movement.org\\\/movement-us-city-leaders-call-10-01-20\\\/#breadcrumb\",\"itemListElement\":[{\"@type\":\"ListItem\",\"position\":1,\"name\":\"Home\",\"item\":\"https:\\\/\\\/www.movement.org\\\/\"},{\"@type\":\"ListItem\",\"position\":2,\"name\":\"Movement US City Leaders Call \u2013 10-01-20\"}]},{\"@type\":\"WebSite\",\"@id\":\"https:\\\/\\\/www.movement.org\\\/#website\",\"url\":\"https:\\\/\\\/www.movement.org\\\/\",\"name\":\"MOVEMENT.ORG\",\"description\":\"Engaging leaders to positively impact their cities around the world\",\"publisher\":{\"@id\":\"https:\\\/\\\/www.movement.org\\\/#organization\"},\"potentialAction\":[{\"@type\":\"SearchAction\",\"target\":{\"@type\":\"EntryPoint\",\"urlTemplate\":\"https:\\\/\\\/www.movement.org\\\/?s={search_term_string}\"},\"query-input\":{\"@type\":\"PropertyValueSpecification\",\"valueRequired\":true,\"valueName\":\"search_term_string\"}}],\"inLanguage\":\"es\"},{\"@type\":\"Organization\",\"@id\":\"https:\\\/\\\/www.movement.org\\\/#organization\",\"name\":\"Movement.Org\",\"url\":\"https:\\\/\\\/www.movement.org\\\/\",\"logo\":{\"@type\":\"ImageObject\",\"inLanguage\":\"es\",\"@id\":\"https:\\\/\\\/www.movement.org\\\/#\\\/schema\\\/logo\\\/image\\\/\",\"url\":\"https:\\\/\\\/www.movement.org\\\/wp-content\\\/uploads\\\/2020\\\/02\\\/MovementOrg-Logo-Dark.png\",\"contentUrl\":\"https:\\\/\\\/www.movement.org\\\/wp-content\\\/uploads\\\/2020\\\/02\\\/MovementOrg-Logo-Dark.png\",\"width\":644,\"height\":118,\"caption\":\"Movement.Org\"},\"image\":{\"@id\":\"https:\\\/\\\/www.movement.org\\\/#\\\/schema\\\/logo\\\/image\\\/\"}}]}<\/script>\n<!-- \/ Yoast SEO plugin. -->","yoast_head_json":{"title":"Movement US City Leaders Call \u2013 10-01-20 - MOVEMENT.ORG","robots":{"index":"index","follow":"follow","max-snippet":"max-snippet:-1","max-image-preview":"max-image-preview:large","max-video-preview":"max-video-preview:-1"},"canonical":"https:\/\/www.movement.org\/es\/movement-us-city-leaders-call-10-01-20\/","og_locale":"es_MX","og_type":"article","og_title":"Movement US City Leaders Call \u2013 10-01-20 - MOVEMENT.ORG","og_description":"Movement USA Resources Movement USA Resources U.S. City Leaders Call 10\/01\/2020 Chat Transcript 00:39:21 Jose Duran: Awesome Adam! 00:41:19 Tom White: &#8220;animated Adam! 00:41:26 Kevin Palau: I&#8217;ve LOVED being a part of a number of those pastors prayer gatherings in NYC&#8230;so powerful! 00:41:32 Lisa Mathews: contagious!!!! 00:42:03 lesly : it was a blessing 00:42:17 Lisa&hellip;","og_url":"https:\/\/www.movement.org\/es\/movement-us-city-leaders-call-10-01-20\/","og_site_name":"MOVEMENT.ORG","article_modified_time":"2021-07-15T21:54:18+00:00","twitter_card":"summary_large_image","twitter_misc":{"Tiempo de lectura":"2 minutos"},"schema":{"@context":"https:\/\/schema.org","@graph":[{"@type":"WebPage","@id":"https:\/\/www.movement.org\/movement-us-city-leaders-call-10-01-20\/","url":"https:\/\/www.movement.org\/movement-us-city-leaders-call-10-01-20\/","name":"Movement US City Leaders Call \u2013 10-01-20 - MOVEMENT.ORG","isPartOf":{"@id":"https:\/\/www.movement.org\/#website"},"datePublished":"2020-10-01T23:13:22+00:00","dateModified":"2021-07-15T21:54:18+00:00","breadcrumb":{"@id":"https:\/\/www.movement.org\/movement-us-city-leaders-call-10-01-20\/#breadcrumb"},"inLanguage":"es","potentialAction":[{"@type":"ReadAction","target":["https:\/\/www.movement.org\/movement-us-city-leaders-call-10-01-20\/"]}]},{"@type":"BreadcrumbList","@id":"https:\/\/www.movement.org\/movement-us-city-leaders-call-10-01-20\/#breadcrumb","itemListElement":[{"@type":"ListItem","position":1,"name":"Home","item":"https:\/\/www.movement.org\/"},{"@type":"ListItem","position":2,"name":"Movement US City Leaders Call \u2013 10-01-20"}]},{"@type":"WebSite","@id":"https:\/\/www.movement.org\/#website","url":"https:\/\/www.movement.org\/","name":"MOVEMENT.ORG","description":"INVOLUCRAR A LOS L\u00cdDERES PARA QUE IMPACTEN POSITIVAMENTE SUS CIUDADES EN TODO EL MUNDO","publisher":{"@id":"https:\/\/www.movement.org\/#organization"},"potentialAction":[{"@type":"SearchAction","target":{"@type":"EntryPoint","urlTemplate":"https:\/\/www.movement.org\/?s={search_term_string}"},"query-input":{"@type":"PropertyValueSpecification","valueRequired":true,"valueName":"search_term_string"}}],"inLanguage":"es"},{"@type":"Organization","@id":"https:\/\/www.movement.org\/#organization","name":"Movement.Org","url":"https:\/\/www.movement.org\/","logo":{"@type":"ImageObject","inLanguage":"es","@id":"https:\/\/www.movement.org\/#\/schema\/logo\/image\/","url":"https:\/\/www.movement.org\/wp-content\/uploads\/2020\/02\/MovementOrg-Logo-Dark.png","contentUrl":"https:\/\/www.movement.org\/wp-content\/uploads\/2020\/02\/MovementOrg-Logo-Dark.png","width":644,"height":118,"caption":"Movement.Org"},"image":{"@id":"https:\/\/www.movement.org\/#\/schema\/logo\/image\/"}}]}},"campaignId":"","_links":{"self":[{"href":"https:\/\/www.movement.org\/es\/wp-json\/wp\/v2\/pages\/7135","targetHints":{"allow":["GET"]}}],"collection":[{"href":"https:\/\/www.movement.org\/es\/wp-json\/wp\/v2\/pages"}],"about":[{"href":"https:\/\/www.movement.org\/es\/wp-json\/wp\/v2\/types\/page"}],"author":[{"embeddable":true,"href":"https:\/\/www.movement.org\/es\/wp-json\/wp\/v2\/users\/4"}],"replies":[{"embeddable":true,"href":"https:\/\/www.movement.org\/es\/wp-json\/wp\/v2\/comments?post=7135"}],"version-history":[{"count":0,"href":"https:\/\/www.movement.org\/es\/wp-json\/wp\/v2\/pages\/7135\/revisions"}],"wp:attachment":[{"href":"https:\/\/www.movement.org\/es\/wp-json\/wp\/v2\/media?parent=7135"}],"curies":[{"name":"wp","href":"https:\/\/api.w.org\/{rel}","templated":true}]}}