{"id":7642,"date":"2021-02-02T15:13:08","date_gmt":"2021-02-02T21:13:08","guid":{"rendered":"https:\/\/www.movement.org\/?page_id=7642"},"modified":"2021-10-05T13:36:10","modified_gmt":"2021-10-05T19:36:10","slug":"2021-update","status":"publish","type":"page","link":"https:\/\/www.movement.org\/es\/2021-update\/","title":{"rendered":"Actualizaci\u00f3n 2021"},"content":{"rendered":"<h1>\n\t\tMovement CEO Craig Sider&#8217;s 2021 update\n\t<\/h1>\n<h2>\n\t\tInesperado. No planificado. Disruptivo.\n\t<\/h2>\n<h2>\n\t\tExplore c\u00f3mo se ve que el cuerpo de Cristo se re\u00fana en una ciudad por Jes\u00fas.\n\t<\/h2>\n<h3>\n\t\tActualizaci\u00f3n 2021\n\t<\/h3>\n\t\t\t\t<img loading=\"lazy\" decoding=\"async\" src=\"https:\/\/www.movement.org\/wp-content\/uploads\/2021\/09\/movementmeeting.jpg\" alt=\"movementmeeting\" itemprop=\"image\" height=\"1200\" width=\"1920\" title=\"movementmeeting\" onerror=\"this.style.display='none'\"  \/>\n\t<p>&#8220;I pray also for those who will believe in me that all of them may be one,\u00a0Father, just as you are in me and I am in you. <strong>&#8230; Then the world will know<\/strong>.&#8221; Jesus<\/p>\n<p>In this season of disruption and division, you are answering Jesus&#8217; prayer. In cities all around the world, men and women connected with Movement Day are fostering unity in their cities in efforts to bring a unified Church to address the challenges, division, and brokenness in our cities.<\/p>\n<p>Recently the Global Hub Leader team identified 500 city movements that are forming, connecting, and maturing across 6 continents. God is calling the Church to express her unity in fulfillment of Jesus&#8217; prayer. Together we prayed, discussed, and discerned God&#8217;s vision for our movement over these last six months.\u00a0 We are of one mind: we see God raising up 2000 city leadership teams to spiritually and socially impact their cities together with Jesus Christ. It is a breathtaking vision and is firmly rooted In Jesus&#8217; prayer for unity &#8230; so that the world will know.<\/p>\n<p>Thank you for answering Jesus&#8217; prayer!<\/p>\n\t<p>Mira la actualizaci\u00f3n 2021 <a href=\"\/es\/2020-update\/\">aqu\u00ed<\/a>.<\/p>","protected":false},"excerpt":{"rendered":"Movement CEO Craig Sider&#8217;s 2021 update\n\t\n\n\t\tUnexpected. Unplanned. Disruptive.\n\t\n\n\t\tExplore what it looks like for the body of Christ to come together in a city for Jesus.\n\t\n\n\t\t2021 Update\n\t\n\t\t\t\t\n\t&#8220;I pray also for those who will believe in me that all of them may be one,...","protected":false},"author":4,"featured_media":0,"parent":0,"menu_order":0,"comment_status":"closed","ping_status":"closed","template":"","meta":{"give_campaign_id":0,"footnotes":""},"class_list":["post-7642","page","type-page","status-publish","hentry"],"yoast_head":"<!-- This site is optimized with the Yoast SEO plugin v27.5 - https:\/\/yoast.com\/product\/yoast-seo-wordpress\/ -->\n<title>2021 Update - MOVEMENT.ORG<\/title>\n<meta name=\"robots\" content=\"index, follow, max-snippet:-1, max-image-preview:large, max-video-preview:-1\" \/>\n<link rel=\"canonical\" href=\"https:\/\/www.movement.org\/es\/2021-update\/\" \/>\n<meta property=\"og:locale\" content=\"es_MX\" \/>\n<meta property=\"og:type\" content=\"article\" \/>\n<meta property=\"og:title\" content=\"2021 Update - MOVEMENT.ORG\" \/>\n<meta property=\"og:description\" content=\"Movement CEO Craig Sider&#8217;s 2021 update Unexpected. Unplanned. Disruptive. Explore what it looks like for the body of Christ to come together in a city for Jesus. 2021 Update &#8220;I pray also for those who will believe in me that all of them may be one,\u00a0Father, just as you are in me and I am&hellip;\" \/>\n<meta property=\"og:url\" content=\"https:\/\/www.movement.org\/es\/2021-update\/\" \/>\n<meta property=\"og:site_name\" content=\"MOVEMENT.ORG\" \/>\n<meta property=\"article:modified_time\" content=\"2021-10-05T19:36:10+00:00\" \/>\n<meta property=\"og:image\" content=\"https:\/\/www.movement.org\/wp-content\/uploads\/2021\/09\/movementmeeting.jpg\" \/>\n<meta name=\"twitter:card\" content=\"summary_large_image\" \/>\n<meta name=\"twitter:label1\" content=\"Tiempo de lectura\" \/>\n\t<meta name=\"twitter:data1\" content=\"1 minuto\" \/>\n<script type=\"application\/ld+json\" class=\"yoast-schema-graph\">{\"@context\":\"https:\\\/\\\/schema.org\",\"@graph\":[{\"@type\":\"WebPage\",\"@id\":\"https:\\\/\\\/www.movement.org\\\/2021-update\\\/\",\"url\":\"https:\\\/\\\/www.movement.org\\\/2021-update\\\/\",\"name\":\"2021 Update - MOVEMENT.ORG\",\"isPartOf\":{\"@id\":\"https:\\\/\\\/www.movement.org\\\/#website\"},\"primaryImageOfPage\":{\"@id\":\"https:\\\/\\\/www.movement.org\\\/2021-update\\\/#primaryimage\"},\"image\":{\"@id\":\"https:\\\/\\\/www.movement.org\\\/2021-update\\\/#primaryimage\"},\"thumbnailUrl\":\"https:\\\/\\\/www.movement.org\\\/wp-content\\\/uploads\\\/2021\\\/09\\\/movementmeeting.jpg\",\"datePublished\":\"2021-02-02T21:13:08+00:00\",\"dateModified\":\"2021-10-05T19:36:10+00:00\",\"breadcrumb\":{\"@id\":\"https:\\\/\\\/www.movement.org\\\/2021-update\\\/#breadcrumb\"},\"inLanguage\":\"es\",\"potentialAction\":[{\"@type\":\"ReadAction\",\"target\":[\"https:\\\/\\\/www.movement.org\\\/2021-update\\\/\"]}]},{\"@type\":\"ImageObject\",\"inLanguage\":\"es\",\"@id\":\"https:\\\/\\\/www.movement.org\\\/2021-update\\\/#primaryimage\",\"url\":\"https:\\\/\\\/www.movement.org\\\/wp-content\\\/uploads\\\/2021\\\/09\\\/movementmeeting.jpg\",\"contentUrl\":\"https:\\\/\\\/www.movement.org\\\/wp-content\\\/uploads\\\/2021\\\/09\\\/movementmeeting.jpg\"},{\"@type\":\"BreadcrumbList\",\"@id\":\"https:\\\/\\\/www.movement.org\\\/2021-update\\\/#breadcrumb\",\"itemListElement\":[{\"@type\":\"ListItem\",\"position\":1,\"name\":\"Home\",\"item\":\"https:\\\/\\\/www.movement.org\\\/\"},{\"@type\":\"ListItem\",\"position\":2,\"name\":\"2021 Update\"}]},{\"@type\":\"WebSite\",\"@id\":\"https:\\\/\\\/www.movement.org\\\/#website\",\"url\":\"https:\\\/\\\/www.movement.org\\\/\",\"name\":\"MOVEMENT.ORG\",\"description\":\"Engaging leaders to positively impact their cities around the world\",\"publisher\":{\"@id\":\"https:\\\/\\\/www.movement.org\\\/#organization\"},\"potentialAction\":[{\"@type\":\"SearchAction\",\"target\":{\"@type\":\"EntryPoint\",\"urlTemplate\":\"https:\\\/\\\/www.movement.org\\\/?s={search_term_string}\"},\"query-input\":{\"@type\":\"PropertyValueSpecification\",\"valueRequired\":true,\"valueName\":\"search_term_string\"}}],\"inLanguage\":\"es\"},{\"@type\":\"Organization\",\"@id\":\"https:\\\/\\\/www.movement.org\\\/#organization\",\"name\":\"Movement.Org\",\"url\":\"https:\\\/\\\/www.movement.org\\\/\",\"logo\":{\"@type\":\"ImageObject\",\"inLanguage\":\"es\",\"@id\":\"https:\\\/\\\/www.movement.org\\\/#\\\/schema\\\/logo\\\/image\\\/\",\"url\":\"https:\\\/\\\/www.movement.org\\\/wp-content\\\/uploads\\\/2020\\\/02\\\/MovementOrg-Logo-Dark.png\",\"contentUrl\":\"https:\\\/\\\/www.movement.org\\\/wp-content\\\/uploads\\\/2020\\\/02\\\/MovementOrg-Logo-Dark.png\",\"width\":644,\"height\":118,\"caption\":\"Movement.Org\"},\"image\":{\"@id\":\"https:\\\/\\\/www.movement.org\\\/#\\\/schema\\\/logo\\\/image\\\/\"}}]}<\/script>\n<!-- \/ Yoast SEO plugin. -->","yoast_head_json":{"title":"2021 Update - MOVEMENT.ORG","robots":{"index":"index","follow":"follow","max-snippet":"max-snippet:-1","max-image-preview":"max-image-preview:large","max-video-preview":"max-video-preview:-1"},"canonical":"https:\/\/www.movement.org\/es\/2021-update\/","og_locale":"es_MX","og_type":"article","og_title":"2021 Update - MOVEMENT.ORG","og_description":"Movement CEO Craig Sider&#8217;s 2021 update Unexpected. Unplanned. Disruptive. Explore what it looks like for the body of Christ to come together in a city for Jesus. 2021 Update &#8220;I pray also for those who will believe in me that all of them may be one,\u00a0Father, just as you are in me and I am&hellip;","og_url":"https:\/\/www.movement.org\/es\/2021-update\/","og_site_name":"MOVEMENT.ORG","article_modified_time":"2021-10-05T19:36:10+00:00","og_image":[{"url":"https:\/\/www.movement.org\/wp-content\/uploads\/2021\/09\/movementmeeting.jpg","type":"","width":"","height":""}],"twitter_card":"summary_large_image","twitter_misc":{"Tiempo de lectura":"1 minuto"},"schema":{"@context":"https:\/\/schema.org","@graph":[{"@type":"WebPage","@id":"https:\/\/www.movement.org\/2021-update\/","url":"https:\/\/www.movement.org\/2021-update\/","name":"2021 Update - MOVEMENT.ORG","isPartOf":{"@id":"https:\/\/www.movement.org\/#website"},"primaryImageOfPage":{"@id":"https:\/\/www.movement.org\/2021-update\/#primaryimage"},"image":{"@id":"https:\/\/www.movement.org\/2021-update\/#primaryimage"},"thumbnailUrl":"https:\/\/www.movement.org\/wp-content\/uploads\/2021\/09\/movementmeeting.jpg","datePublished":"2021-02-02T21:13:08+00:00","dateModified":"2021-10-05T19:36:10+00:00","breadcrumb":{"@id":"https:\/\/www.movement.org\/2021-update\/#breadcrumb"},"inLanguage":"es","potentialAction":[{"@type":"ReadAction","target":["https:\/\/www.movement.org\/2021-update\/"]}]},{"@type":"ImageObject","inLanguage":"es","@id":"https:\/\/www.movement.org\/2021-update\/#primaryimage","url":"https:\/\/www.movement.org\/wp-content\/uploads\/2021\/09\/movementmeeting.jpg","contentUrl":"https:\/\/www.movement.org\/wp-content\/uploads\/2021\/09\/movementmeeting.jpg"},{"@type":"BreadcrumbList","@id":"https:\/\/www.movement.org\/2021-update\/#breadcrumb","itemListElement":[{"@type":"ListItem","position":1,"name":"Home","item":"https:\/\/www.movement.org\/"},{"@type":"ListItem","position":2,"name":"2021 Update"}]},{"@type":"WebSite","@id":"https:\/\/www.movement.org\/#website","url":"https:\/\/www.movement.org\/","name":"MOVEMENT.ORG","description":"INVOLUCRAR A LOS L\u00cdDERES PARA QUE IMPACTEN POSITIVAMENTE SUS CIUDADES EN TODO EL MUNDO","publisher":{"@id":"https:\/\/www.movement.org\/#organization"},"potentialAction":[{"@type":"SearchAction","target":{"@type":"EntryPoint","urlTemplate":"https:\/\/www.movement.org\/?s={search_term_string}"},"query-input":{"@type":"PropertyValueSpecification","valueRequired":true,"valueName":"search_term_string"}}],"inLanguage":"es"},{"@type":"Organization","@id":"https:\/\/www.movement.org\/#organization","name":"Movement.Org","url":"https:\/\/www.movement.org\/","logo":{"@type":"ImageObject","inLanguage":"es","@id":"https:\/\/www.movement.org\/#\/schema\/logo\/image\/","url":"https:\/\/www.movement.org\/wp-content\/uploads\/2020\/02\/MovementOrg-Logo-Dark.png","contentUrl":"https:\/\/www.movement.org\/wp-content\/uploads\/2020\/02\/MovementOrg-Logo-Dark.png","width":644,"height":118,"caption":"Movement.Org"},"image":{"@id":"https:\/\/www.movement.org\/#\/schema\/logo\/image\/"}}]}},"campaignId":"","_links":{"self":[{"href":"https:\/\/www.movement.org\/es\/wp-json\/wp\/v2\/pages\/7642","targetHints":{"allow":["GET"]}}],"collection":[{"href":"https:\/\/www.movement.org\/es\/wp-json\/wp\/v2\/pages"}],"about":[{"href":"https:\/\/www.movement.org\/es\/wp-json\/wp\/v2\/types\/page"}],"author":[{"embeddable":true,"href":"https:\/\/www.movement.org\/es\/wp-json\/wp\/v2\/users\/4"}],"replies":[{"embeddable":true,"href":"https:\/\/www.movement.org\/es\/wp-json\/wp\/v2\/comments?post=7642"}],"version-history":[{"count":0,"href":"https:\/\/www.movement.org\/es\/wp-json\/wp\/v2\/pages\/7642\/revisions"}],"wp:attachment":[{"href":"https:\/\/www.movement.org\/es\/wp-json\/wp\/v2\/media?parent=7642"}],"curies":[{"name":"wp","href":"https:\/\/api.w.org\/{rel}","templated":true}]}}